{"id":460,"date":"2019-08-01T11:22:53","date_gmt":"2019-08-01T09:22:53","guid":{"rendered":"https:\/\/www.muepaclean.de\/cms\/?page_id=460"},"modified":"2023-05-05T07:53:22","modified_gmt":"2023-05-05T05:53:22","slug":"struktur-wisch-bezug","status":"publish","type":"page","link":"https:\/\/www.muepaclean.de\/cms\/struktur-wisch-bezug\/","title":{"rendered":"Struktur-Wisch-Bezug"},"content":{"rendered":"<p>[vc_row row_type=&#8220;parallax&#8220; parallax_content_width=&#8220;full_width&#8220; text_align=&#8220;left&#8220; full_screen_section_height=&#8220;yes&#8220; vertically_align_content_in_middle=&#8220;yes&#8220; anchor=&#8220;intro&#8220; parallax_speed=&#8220;2&#8243; background_image=&#8220;964&#8243;][vc_column][qode_elements_holder number_of_columns=&#8220;one_column&#8220;][qode_elements_holder_item vertical_alignment=&#8220;middle&#8220; advanced_animations=&#8220;no&#8220; item_padding=&#8220;15% 47% 15% 8%&#8220; item_padding_1024_1280=&#8220;15% 40% 20% 5%&#8220;][vc_column_text]<\/p>\n<h2>Struktur-Wisch-Bezug<\/h2>\n<p>[\/vc_column_text][vc_empty_space height=&#8220;35&#8243;][vc_column_text css=&#8220;.vc_custom_1615816306466{padding-right: 10% !important;}&#8220;]<\/p>\n<h4>zur nassen und feuchten Grund- und Unterhaltsreinigung verschmutzter Fu\u00dfbodenbel\u00e4ge<\/h4>\n<p>[\/vc_column_text][vc_empty_space height=&#8220;50&#8243;][\/qode_elements_holder_item][\/qode_elements_holder][\/vc_column][\/vc_row][vc_row css_animation=&#8220;&#8220; row_type=&#8220;row&#8220; use_row_as_full_screen_section=&#8220;no&#8220; type=&#8220;grid&#8220; angled_section=&#8220;no&#8220; text_align=&#8220;left&#8220; background_image_as_pattern=&#8220;without_pattern&#8220; css=&#8220;.vc_custom_1569236106609{padding-top: 50px !important;padding-bottom: 50px !important;}&#8220; z_index=&#8220;&#8220;][vc_column width=&#8220;1\/2&#8243; css=&#8220;.vc_custom_1561979730627{padding-right: 25px !important;}&#8220;]<span data-type=\"square\"  data-hover-icon-color=\"#0099cc\" class=\"qode_icon_shortcode fa-stack q_font_awsome_icon_square fa-2x  \" style=\"border: 1px solid #000099;border-radius: 10px; \"><span aria-hidden=\"true\" class=\"qode_icon_font_elegant icon_like_alt qode_icon_element\" style=\"color: #ffffff;\" ><\/span><\/span>[vc_empty_space height=&#8220;35px&#8220;][vc_column_text css=&#8220;.vc_custom_1615816537978{padding-right: 65px !important;}&#8220;]<\/p>\n<ul class=\"muepacleanListblue\">\n<li><strong>durch die Kombination der Zick-Zack-Rippenkonstruktion und der feinen 100%-Polyester-Mikrofaser werden<\/strong>\u00a0<strong>bei der Fu\u00dfbodenreinigung Staub- und Schmutzpartikel au\u00dfergew\u00f6hnlich leicht gel\u00f6st und aufgesaugt<\/strong><\/li>\n<li><strong>die Rippenstruktur erleichtert die Entfernung von gr\u00f6\u00dferen Flecken und tiefsitzende Verschmutzungen (z.B. bei Strukturb\u00f6den)<\/strong><\/li>\n<li><strong>durch die spezielle Webung der Mikrofaser wird ein streifenfreies und gl\u00e4nzendes Reinigungserlebnis bei minimalem Zeitaufwand erzielt<\/strong><\/li>\n<li><strong>Haare und Flusen werden durch die Schlingenkonstruktion eingefangen und bleiben nicht auf der Reinigungsfl\u00e4che zur\u00fcck<\/strong><\/li>\n<li><strong>durch die geringen haft- und Gleitreibungskr\u00e4fte wird mit wenig Kraftaufwand ein sehr hoher<\/strong>\u00a0<strong>Reinigungseffekt erzielt<\/strong><\/li>\n<li><strong>reinigt sehr gut die Silikon-Fugen am \u00dcbergang Boden \/ Wand durch das seitlich hochgezogene Strukturgewebe <\/strong><\/li>\n<li><strong>die eingearbeitete Zwischenlage ist sehr saugf\u00e4hig und dient als Wasserspeicher mit einem Wasserauf<\/strong><strong>aufnahmeverm\u00f6gen von \u00fcber 500% \u2013 hierdurch erreicht man eine Fl\u00e4chenbenetzung von \u00fcber 20 qm<\/strong><\/li>\n<li><strong>der aufgenommene Schmutz l\u00e4sst sich leicht aussp\u00fclen \u2013 gutes Auswringen ist per Hand m\u00f6glich<\/strong><\/li>\n<li><strong>hohe Umweltrelevanz durch sparsamen Verbrauch von Reinigungsmittel <\/strong><\/li>\n<li><strong>Ma\u00dfe der Wischfl\u00e4che: 15,0 x 48,0 cm<\/strong><\/li>\n<li><strong>passend auf alle g\u00e4ngigen Wischer mit Taschen-Halterungen mit den Ma\u00dfen 43,0 x 9,5 cm <\/strong><\/li>\n<li><strong>f\u00fcr den Innen- und Au\u00dfenbereich<\/strong><\/li>\n<\/ul>\n<p>[\/vc_column_text][vc_empty_space height=&#8220;50&#8243;][vc_single_image image=&#8220;1108&#8243; img_size=&#8220;full&#8220; qode_css_animation=&#8220;&#8220; css=&#8220;.vc_custom_1569312716722{padding-right: 50px !important;}&#8220;][vc_empty_space height=&#8220;25&#8243;][\/vc_column][vc_column width=&#8220;1\/2&#8243;]<span data-type=\"square\"  data-hover-icon-color=\"#0099cc\" class=\"qode_icon_shortcode fa-stack q_font_awsome_icon_square fa-2x  \" style=\"border: 1px solid #000099;border-radius: 10px; \"><span aria-hidden=\"true\" class=\"qode_icon_font_elegant icon_document_alt qode_icon_element\" style=\"color: #ffffff;\" ><\/span><\/span>[vc_empty_space height=&#8220;35px&#8220;][vc_column_text]<strong>Anwendungsbereich<br \/>\n<\/strong>Zur nassen und feuchten Grund- und Unterhaltsreinigung von wasserfesten Bodenbel\u00e4gen und Treppenstufen.[\/vc_column_text][vc_empty_space height=&#8220;25&#8243;][vc_column_text]<strong>Eigenschaften<br \/>\n<\/strong>Gepr\u00fcfte Qualit\u00e4t, Fasergewebe wird in Deutschland hergestellt, hautfreundlich, lange Haltbarkeit, hohe Farbechtheit, sozial- und umweltvertr\u00e4gliche Herstellung, anwendungsspezifisches Produkt \u2013 keine Massenware[\/vc_column_text][vc_empty_space height=&#8220;25&#8243;][vc_column_text]<strong>Geeignete Untergr\u00fcnde<\/strong><br \/>\nF\u00fcr Fl\u00e4chenbel\u00e4ge wie z.B. keramische Fliesen, Kunst- und Betonwerkstein, Feinsteinzeug, Naturstein (z.B. polierter Marmor, Solnhofer Stein, Anr\u00f6chter Stein, geschliffener Kalkstein, Travertin, Schiefer, Granite, Gneise), Cotto, Terracotta, Klinker- und Tonplatten, Ziegelfliesen (auch zur Unterhaltsreinigung von gewachsten und impr\u00e4gnierten Oberfl\u00e4chen bei sparsamer Dosierung), etc. sowie f\u00fcr B\u00f6den aus Laminat, Vinyl, Parkett, Kork, PVC, Kautschuk, Polyolefin, und Linoleum etc.[\/vc_column_text][vc_empty_space height=&#8220;25&#8243;][vc_column_text]<strong>Lieferform<br \/>\n<\/strong>1 St. im Kunststoffbeutel[\/vc_column_text][vc_empty_space height=&#8220;25&#8243;][vc_column_text]<strong>Empfohlenes Erg\u00e4nzungsprodukt<br \/>\n<\/strong>unser<span style=\"color: #0000ff;\"> <a style=\"color: #0000ff;\" href=\"https:\/\/www.muepaclean.de\/cms\/bodenkraftreiniger\/\">m\u00fcpaclean\u00ae professional Boden-Kraft-Reiniger<\/a><\/span>[\/vc_column_text][vc_empty_space height=&#8220;25&#8243;][\/vc_column][\/vc_row][vc_row css_animation=&#8220;&#8220; row_type=&#8220;row&#8220; use_row_as_full_screen_section=&#8220;no&#8220; type=&#8220;grid&#8220; angled_section=&#8220;no&#8220; text_align=&#8220;left&#8220; background_image_as_pattern=&#8220;without_pattern&#8220; css=&#8220;.vc_custom_1568627996251{padding-top: 50px !important;padding-bottom: 50px !important;}&#8220; z_index=&#8220;&#8220;][vc_column width=&#8220;1\/5&#8243;][vc_empty_space height=&#8220;10&#8243;]<span data-type=\"normal\" data-hover-icon-color=\"#0099cc\" class=\"qode_icon_shortcode  q_font_awsome_icon fa-5x pull-center \" style=\" \"><span aria-hidden=\"true\" class=\"qode_icon_font_elegant icon_phone qode_icon_element\" style=\"color: #000099;\" ><\/span><\/span>[vc_empty_space height=&#8220;25&#8243;][\/vc_column][vc_column width=&#8220;3\/5&#8243;][vc_column_text]<\/p>\n<h2 style=\"text-align: center;\">Unser Servicetelefon<\/h2>\n<p>[\/vc_column_text][vc_empty_space height=&#8220;25&#8243;][vc_column_text]<\/p>\n<h4 style=\"text-align: center;\">Bei allen Fragen rund um das m\u00fcpaclean<sup>\u00ae<\/sup> professional Reinigungsmittel-Programm und wenn sie erfahren wollen, wo sie einen H\u00e4ndler in Ihrer N\u00e4he finden, rufen Sie uns an:<\/h4>\n<p>[\/vc_column_text][vc_empty_space height=&#8220;25&#8243;][vc_column_text]<\/p>\n<h4 style=\"text-align: center;\"><strong>+49 (0) 5251-1809393<\/strong><\/h4>\n<p>[\/vc_column_text][\/vc_column][vc_column width=&#8220;1\/5&#8243;][vc_empty_space height=&#8220;50&#8243;][\/vc_column][\/vc_row]<\/p>\n","protected":false},"excerpt":{"rendered":"<p>[vc_row row_type=&#8220;parallax&#8220; parallax_content_width=&#8220;full_width&#8220; text_align=&#8220;left&#8220; full_screen_section_height=&#8220;yes&#8220; vertically_align_content_in_middle=&#8220;yes&#8220; anchor=&#8220;intro&#8220; parallax_speed=&#8220;2&#8243; background_image=&#8220;964&#8243;][vc_column][qode_elements_holder number_of_columns=&#8220;one_column&#8220;][qode_elements_holder_item vertical_alignment=&#8220;middle&#8220; advanced_animations=&#8220;no&#8220; item_padding=&#8220;15% 47% 15% 8%&#8220; item_padding_1024_1280=&#8220;15% 40% 20% 5%&#8220;][vc_column_text] Struktur-Wisch-Bezug [\/vc_column_text][vc_empty_space height=&#8220;35&#8243;][vc_column_text css=&#8220;.vc_custom_1615816306466{padding-right: 10% !important;}&#8220;] zur nassen und feuchten Grund- und Unterhaltsreinigung verschmutzter Fu\u00dfbodenbel\u00e4ge [\/vc_column_text][vc_empty_space height=&#8220;50&#8243;][\/qode_elements_holder_item][\/qode_elements_holder][\/vc_column][\/vc_row][vc_row css_animation=&#8220;&#8220; row_type=&#8220;row&#8220; use_row_as_full_screen_section=&#8220;no&#8220; type=&#8220;grid&#8220; angled_section=&#8220;no&#8220; text_align=&#8220;left&#8220; background_image_as_pattern=&#8220;without_pattern&#8220; css=&#8220;.vc_custom_1569236106609{padding-top:&#8230;<\/p>\n","protected":false},"author":1,"featured_media":0,"parent":0,"menu_order":0,"comment_status":"closed","ping_status":"closed","template":"full_width.php","meta":[],"_links":{"self":[{"href":"https:\/\/www.muepaclean.de\/cms\/wp-json\/wp\/v2\/pages\/460"}],"collection":[{"href":"https:\/\/www.muepaclean.de\/cms\/wp-json\/wp\/v2\/pages"}],"about":[{"href":"https:\/\/www.muepaclean.de\/cms\/wp-json\/wp\/v2\/types\/page"}],"author":[{"embeddable":true,"href":"https:\/\/www.muepaclean.de\/cms\/wp-json\/wp\/v2\/users\/1"}],"replies":[{"embeddable":true,"href":"https:\/\/www.muepaclean.de\/cms\/wp-json\/wp\/v2\/comments?post=460"}],"version-history":[{"count":38,"href":"https:\/\/www.muepaclean.de\/cms\/wp-json\/wp\/v2\/pages\/460\/revisions"}],"predecessor-version":[{"id":1505,"href":"https:\/\/www.muepaclean.de\/cms\/wp-json\/wp\/v2\/pages\/460\/revisions\/1505"}],"wp:attachment":[{"href":"https:\/\/www.muepaclean.de\/cms\/wp-json\/wp\/v2\/media?parent=460"}],"curies":[{"name":"wp","href":"https:\/\/api.w.org\/{rel}","templated":true}]}}