{"id":287,"date":"2019-07-02T09:22:32","date_gmt":"2019-07-02T07:22:32","guid":{"rendered":"https:\/\/www.muepaclean.de\/cms\/?page_id=287"},"modified":"2024-06-27T07:27:21","modified_gmt":"2024-06-27T05:27:21","slug":"universalkraftreiniger","status":"publish","type":"page","link":"https:\/\/www.muepaclean.de\/cms\/universalkraftreiniger\/","title":{"rendered":"Universal-Kraft-Reiniger"},"content":{"rendered":"<p>[vc_row row_type=&#8220;parallax&#8220; parallax_content_width=&#8220;full_width&#8220; text_align=&#8220;left&#8220; full_screen_section_height=&#8220;yes&#8220; vertically_align_content_in_middle=&#8220;yes&#8220; anchor=&#8220;intro&#8220; background_image=&#8220;1449&#8243; parallax_speed=&#8220;2&#8243;][vc_column][qode_elements_holder number_of_columns=&#8220;one_column&#8220;][qode_elements_holder_item vertical_alignment=&#8220;middle&#8220; advanced_animations=&#8220;no&#8220; item_padding=&#8220;15% 47% 15% 8%&#8220; item_padding_1024_1280=&#8220;15% 40% 0% 5%&#8220;][vc_column_text]<\/p>\n<h2>Universal-Kraft-Reiniger<\/h2>\n<p>[\/vc_column_text][vc_empty_space height=&#8220;35&#8243;][vc_column_text]<\/p>\n<h4>zur modernen, schnellen und universellen Reinigung von Fl\u00e4chen und Gegenst\u00e4nden bei starken Verschmutzungen.<\/h4>\n<p>[\/vc_column_text][vc_empty_space height=&#8220;50&#8243;][\/qode_elements_holder_item][\/qode_elements_holder][\/vc_column][\/vc_row][vc_row css_animation=&#8220;&#8220; row_type=&#8220;row&#8220; use_row_as_full_screen_section=&#8220;no&#8220; type=&#8220;grid&#8220; angled_section=&#8220;no&#8220; text_align=&#8220;left&#8220; background_image_as_pattern=&#8220;without_pattern&#8220; css=&#8220;.vc_custom_1561991241962{padding-top: 50px !important;padding-bottom: 50px !important;}&#8220; z_index=&#8220;&#8220;][vc_column width=&#8220;1\/2&#8243; css=&#8220;.vc_custom_1561979730627{padding-right: 25px !important;}&#8220;]<span data-type=\"square\"  data-hover-icon-color=\"#0099cc\" class=\"qode_icon_shortcode fa-stack q_font_awsome_icon_square fa-2x  \" style=\"border: 1px solid #000099;border-radius: 10px; \"><span aria-hidden=\"true\" class=\"qode_icon_font_elegant icon_like_alt qode_icon_element\" style=\"color: #ffffff;\" ><\/span><\/span>[vc_empty_space height=&#8220;35px&#8220;][vc_column_text css=&#8220;.vc_custom_1683099098642{padding-right: 65px !important;}&#8220;]<\/p>\n<ul class=\"muepacleanListblue\">\n<li><strong>f\u00fcr Industrie, Betrieb, Werkstatt und B\u00fcro<\/strong><\/li>\n<li><strong>im Haushalt, Garten-, Freizeit- und Hobbybereich<\/strong><\/li>\n<li><strong>l\u00f6st kraftvoll Verschmutzungen vieler Art<\/strong><\/li>\n<li><strong>schnell wirkend, hochwirksam<\/strong><\/li>\n<li><strong>in Hochdruckreinigungsger\u00e4ten einsetzbar<\/strong><\/li>\n<li><strong>Konzentrat \u2013 bis 1 : 20 mit Wasser verd\u00fcnnbar<\/strong><\/li>\n<li><strong>Tenside biologisch abbaubar<\/strong><\/li>\n<li><strong>Verpackung recyclingf\u00e4hig<\/strong><\/li>\n<\/ul>\n<p>[\/vc_column_text][vc_empty_space height=&#8220;50&#8243;][vc_single_image image=&#8220;1451&#8243; img_size=&#8220;full&#8220; qode_css_animation=&#8220;&#8220; css=&#8220;.vc_custom_1680688155788{padding-right: 50px !important;}&#8220;][vc_empty_space height=&#8220;25&#8243;][\/vc_column][vc_column width=&#8220;1\/2&#8243;]<span data-type=\"square\"  data-hover-icon-color=\"#0099cc\" class=\"qode_icon_shortcode fa-stack q_font_awsome_icon_square fa-2x  \" style=\"border: 1px solid #000099;border-radius: 10px; \"><span aria-hidden=\"true\" class=\"qode_icon_font_elegant icon_documents_alt qode_icon_element\" style=\"color: #ffffff;\" ><\/span><\/span>[vc_empty_space height=&#8220;35px&#8220;][vc_column_text]<strong>Anwendungsbereich<br \/>\n<\/strong>Zur Reinigung von z. B. Felgen, Fahrzeuge (innen), Autohimmel, zur Vorw\u00e4sche in Autowaschstra\u00dfen, Wohnwagen, Boote, Fahrr\u00e4der, Motorr\u00e4der, Roller, Lkw-Planen, Bauger\u00e4te, Baumaschinen, Motoren, Produktionsmaschinen, Arbeitsb\u00fchnen, Werkstattb\u00f6den,\u00a0 Werkzeuge, B\u00fcroinventar, Sanit\u00e4rinstallationen, Toiletten, Duschen, Badewannen, Schwimmbecken, Pools, Jalousien, Fensterrahmen, Glas, Spiegel, Metall-Gel\u00e4nder, Gartenm\u00f6bel, Gartenger\u00e4te, Grills, Grillroste, Haushaltsger\u00e4te, Back\u00f6fen, Backbleche, Imbisseinrichtungen, Gastronomiek\u00fcchen, Herdplatten, Dunstabzugshauben, K\u00fcchenschr\u00e4nke, Sp\u00fclmaschinen, Waschmaschinen, M\u00f6bel, Polster, Teppichwaren, Kleidung, Wand- und Bodenfliesen, Keramiken, Grabsteine, Blument\u00f6pfe, Terrassenb\u00f6den, Steinfassaden, Z\u00e4une, etc.[\/vc_column_text][vc_empty_space height=&#8220;25&#8243;][vc_column_text]<strong>Eigenschaften<br \/>\n<\/strong>Entfernt Verschmutzungen, wie z. B. \u00d6le, Wachse, Fette, Harze, Klebstoffreste, Nikotin, Bleistift- und Filzstiftflecken, Kugelschreibercreme, Tinte, Schuhfarbcreme, Zement- und Kalkschleier, Ru\u00df, Staub, Bremsstaub, Gr\u00fcnspan, Algen- und Schimmelverunreinigungen, Nahrungsmittelflecke, Kaffee- und Teeflecken, Gem\u00fcse- und Obstflecken, Lackflecken, Bitumen- und Teerspritzer, Flugrost, Gummiabrieb, alte Pflegemittelfilme, Selbstglanzemulsionen, Insektenschmutz, Verunreinigungen durch Haustiere, etc.[\/vc_column_text][vc_empty_space height=&#8220;25&#8243;][vc_column_text]<strong>Geeignete Untergr\u00fcnde<\/strong><br \/>\nF\u00fcr Fl\u00e4chen und Gegenst\u00e4nde z. B. aus Metall (Chrom, Kupfer, Nirosta, etc.), Eisen, Blech, Aluminium, Plastik, Kunststoffe vieler Art, Holz, Teakholz, Feinsteinzeug, Kunststein, Naturstein, Porzellan, Glas, Lack, Papiertapeten, Textilien, abwaschbare Farben, etc.[\/vc_column_text][vc_empty_space height=&#8220;25&#8243;][vc_column_text]<strong>Lieferform<br \/>\n<\/strong>1 l Kunststoff-Spritzflasche<br \/>\n5 l Kunststoff-Kanister<br \/>\n25 l Kunststoff-Kanister[\/vc_column_text][vc_empty_space height=&#8220;25&#8243;][vc_column_text]<strong>Empfohlenes Erg\u00e4nzungsprodukt<br \/>\n<\/strong>unser<span style=\"color: #0000ff;\"> <a style=\"color: #0000ff;\" href=\"https:\/\/www.muepaclean.de\/cms\/multi-reinigungs-tuch\/\">m\u00fcpaclean\u00ae professional Multi-Reinigungs-Tuch<\/a><\/span>[\/vc_column_text][vc_empty_space height=&#8220;25&#8243;][vc_column_text]<strong>Produkt-Datenblatt<br \/>\n<\/strong><span style=\"color: #0000ff;\"><a style=\"color: #0000ff;\" href=\"https:\/\/www.muepaclean.de\/cms\/wp-content\/uploads\/2024\/06\/DSP_146050_muepaclean_professional_Universal-Kraft-Reiniger_DE-19.06.2024.pdf\" target=\"_blank\" rel=\"noopener\">Datenblatt \u00fcber Inhaltsstoffe gem. 648\/2004\/EG Detergenzienverordnung<\/a><\/span>[\/vc_column_text][vc_empty_space height=&#8220;25&#8243;][vc_single_image image=&#8220;1488&#8243; img_size=&#8220;large&#8220; qode_css_animation=&#8220;&#8220; css=&#8220;.vc_custom_1683115954650{padding-right: 10% !important;}&#8220;][vc_empty_space height=&#8220;25&#8243;][\/vc_column][\/vc_row][vc_row css_animation=&#8220;&#8220; row_type=&#8220;row&#8220; use_row_as_full_screen_section=&#8220;no&#8220; type=&#8220;grid&#8220; angled_section=&#8220;no&#8220; text_align=&#8220;left&#8220; background_image_as_pattern=&#8220;without_pattern&#8220; css=&#8220;.vc_custom_1568624426539{padding-top: 50px !important;padding-bottom: 50px !important;}&#8220; z_index=&#8220;&#8220;][vc_column width=&#8220;1\/5&#8243;][vc_empty_space height=&#8220;10&#8243;]<span data-type=\"normal\" data-hover-icon-color=\"#0099cc\" class=\"qode_icon_shortcode  q_font_awsome_icon fa-5x pull-center \" style=\" \"><span aria-hidden=\"true\" class=\"qode_icon_font_elegant icon_phone qode_icon_element\" style=\"color: #000099;\" ><\/span><\/span>[vc_empty_space height=&#8220;25&#8243;][\/vc_column][vc_column width=&#8220;3\/5&#8243;][vc_column_text]<\/p>\n<h2 style=\"text-align: center;\">Unser Servicetelefon<\/h2>\n<p>[\/vc_column_text][vc_empty_space height=&#8220;25&#8243;][vc_column_text]<\/p>\n<h4 style=\"text-align: center;\">Bei allen Fragen rund um das m\u00fcpaclean<sup>\u00ae<\/sup> professional Reinigungsmittel-Programm und wenn sie erfahren wollen, wo sie einen H\u00e4ndler in Ihrer N\u00e4he finden, rufen Sie uns an:<\/h4>\n<p>[\/vc_column_text][vc_empty_space height=&#8220;25&#8243;][vc_column_text]<\/p>\n<h4 style=\"text-align: center;\"><strong>+49 (0) 5251-1809393<\/strong><\/h4>\n<p>[\/vc_column_text][\/vc_column][vc_column width=&#8220;1\/5&#8243;][vc_empty_space height=&#8220;50&#8243;][\/vc_column][\/vc_row]<\/p>\n","protected":false},"excerpt":{"rendered":"<p>[vc_row row_type=&#8220;parallax&#8220; parallax_content_width=&#8220;full_width&#8220; text_align=&#8220;left&#8220; full_screen_section_height=&#8220;yes&#8220; vertically_align_content_in_middle=&#8220;yes&#8220; anchor=&#8220;intro&#8220; background_image=&#8220;1449&#8243; parallax_speed=&#8220;2&#8243;][vc_column][qode_elements_holder number_of_columns=&#8220;one_column&#8220;][qode_elements_holder_item vertical_alignment=&#8220;middle&#8220; advanced_animations=&#8220;no&#8220; item_padding=&#8220;15% 47% 15% 8%&#8220; item_padding_1024_1280=&#8220;15% 40% 0% 5%&#8220;][vc_column_text] Universal-Kraft-Reiniger [\/vc_column_text][vc_empty_space height=&#8220;35&#8243;][vc_column_text] zur modernen, schnellen und universellen Reinigung von Fl\u00e4chen und Gegenst\u00e4nden bei starken Verschmutzungen. [\/vc_column_text][vc_empty_space height=&#8220;50&#8243;][\/qode_elements_holder_item][\/qode_elements_holder][\/vc_column][\/vc_row][vc_row css_animation=&#8220;&#8220; row_type=&#8220;row&#8220; use_row_as_full_screen_section=&#8220;no&#8220; type=&#8220;grid&#8220; angled_section=&#8220;no&#8220; text_align=&#8220;left&#8220; background_image_as_pattern=&#8220;without_pattern&#8220;&#8230;<\/p>\n","protected":false},"author":1,"featured_media":0,"parent":0,"menu_order":0,"comment_status":"closed","ping_status":"closed","template":"full_width.php","meta":[],"_links":{"self":[{"href":"https:\/\/www.muepaclean.de\/cms\/wp-json\/wp\/v2\/pages\/287"}],"collection":[{"href":"https:\/\/www.muepaclean.de\/cms\/wp-json\/wp\/v2\/pages"}],"about":[{"href":"https:\/\/www.muepaclean.de\/cms\/wp-json\/wp\/v2\/types\/page"}],"author":[{"embeddable":true,"href":"https:\/\/www.muepaclean.de\/cms\/wp-json\/wp\/v2\/users\/1"}],"replies":[{"embeddable":true,"href":"https:\/\/www.muepaclean.de\/cms\/wp-json\/wp\/v2\/comments?post=287"}],"version-history":[{"count":85,"href":"https:\/\/www.muepaclean.de\/cms\/wp-json\/wp\/v2\/pages\/287\/revisions"}],"predecessor-version":[{"id":1519,"href":"https:\/\/www.muepaclean.de\/cms\/wp-json\/wp\/v2\/pages\/287\/revisions\/1519"}],"wp:attachment":[{"href":"https:\/\/www.muepaclean.de\/cms\/wp-json\/wp\/v2\/media?parent=287"}],"curies":[{"name":"wp","href":"https:\/\/api.w.org\/{rel}","templated":true}]}}