{"id":128,"date":"2016-06-01T09:01:39","date_gmt":"2016-06-01T09:01:39","guid":{"rendered":"http:\/\/bridge44.qodeinteractive.com\/?page_id=5"},"modified":"2023-09-12T15:06:43","modified_gmt":"2023-09-12T13:06:43","slug":"home","status":"publish","type":"page","link":"https:\/\/www.muepaclean.de\/cms\/","title":{"rendered":"Willkommen bei M\u00fcpaclean"},"content":{"rendered":"<p>[vc_row row_type=&#8220;parallax&#8220; parallax_content_width=&#8220;full_width&#8220; text_align=&#8220;left&#8220; full_screen_section_height=&#8220;yes&#8220; vertically_align_content_in_middle=&#8220;yes&#8220; anchor=&#8220;intro&#8220; background_image=&#8220;1508&#8243; parallax_speed=&#8220;2&#8243;][vc_column][qode_elements_holder number_of_columns=&#8220;one_column&#8220;][qode_elements_holder_item vertical_alignment=&#8220;middle&#8220; advanced_animations=&#8220;no&#8220; item_padding_1024_1280=&#8220;15% 40% 0% 5%&#8220; item_padding=&#8220;15% 47% 15% 8%&#8220;][vc_column_text]<\/p>\n<h2>m\u00fcpaclean<sup>\u00ae <\/sup>professional<br \/>\n<strong>\u201eweniger ist mehr\u201c<\/strong><\/h2>\n<p>[\/vc_column_text][vc_empty_space height=&#8220;15&#8243;][vc_column_text]<\/p>\n<h4>Unser Reinigungsmittel-Programm erm\u00f6glicht Ihnen Reinigungsl\u00f6sungen in allen Bereichen \u2013 viele Normal- und Spezialreiniger und Reinigungs-Hilfsmittel sind \u00fcberfl\u00fcssig!<\/h4>\n<p>[\/vc_column_text][vc_empty_space height=&#8220;70&#8243;][\/qode_elements_holder_item][\/qode_elements_holder][\/vc_column][\/vc_row][vc_row css_animation=&#8220;&#8220; row_type=&#8220;row&#8220; use_row_as_full_screen_section=&#8220;no&#8220; type=&#8220;grid&#8220; angled_section=&#8220;no&#8220; text_align=&#8220;center&#8220; background_image_as_pattern=&#8220;without_pattern&#8220; anchor=&#8220;features&#8220; css=&#8220;.vc_custom_1568648648472{padding-top: 50px !important;}&#8220; z_index=&#8220;&#8220;][vc_column][vc_column_text]<\/p>\n<h3>Unsere Produkte sind \u2026<\/h3>\n<p>[\/vc_column_text][vc_empty_space height=&#8220;23px&#8220;][\/vc_column][\/vc_row][vc_row css_animation=&#8220;&#8220; row_type=&#8220;row&#8220; use_row_as_full_screen_section=&#8220;no&#8220; type=&#8220;grid&#8220; angled_section=&#8220;no&#8220; text_align=&#8220;left&#8220; background_image_as_pattern=&#8220;without_pattern&#8220; css=&#8220;.vc_custom_1564671269952{padding-top: 50px !important;padding-bottom: 50px !important;}&#8220; z_index=&#8220;&#8220;][vc_column width=&#8220;1\/4&#8243; css=&#8220;.vc_custom_1561979730627{padding-right: 25px !important;}&#8220;]<span data-type=\"square\"  data-hover-icon-color=\"#0099cc\" class=\"qode_icon_shortcode fa-stack q_font_awsome_icon_square fa-3x  \" style=\"border: 1px solid #000099;border-radius: 10px; \"><span aria-hidden=\"true\" class=\"qode_icon_font_elegant icon_lightbulb qode_icon_element\" style=\"color: #ffffff;\" ><\/span><\/span>[vc_empty_space height=&#8220;35px&#8220;][vc_column_text]<\/p>\n<h4>Innovativ<\/h4>\n<p>[\/vc_column_text][vc_empty_space height=&#8220;25&#8243;][vc_column_text]Die Reiniger sind innovativ, universell einsetzbar, hochwirksam und praxisgerecht auf die anfallenden Problemstellungen abgestimmt und umweltgerecht hergestellt. Erg\u00e4nzend dazu sind unsere \u00d6kotex-Mikrofaser-Textilien, die sich zuverl\u00e4ssig und sicher in die Reinigungsabl\u00e4ufe integrieren und den Reinigungserfolg erleichtern und optimieren.<br \/>\nDie Verpackung unserer m\u00fcpaclean\u00ae professional Reiniger und Reinigung-Textilien sind recyclingf\u00e4hig.[\/vc_column_text][vc_empty_space height=&#8220;25&#8243;][\/vc_column][vc_column width=&#8220;1\/4&#8243; css=&#8220;.vc_custom_1561979737208{padding-right: 25px !important;}&#8220;]<span data-type=\"square\"  data-hover-icon-color=\"#0099cc\" class=\"qode_icon_shortcode fa-stack q_font_awsome_icon_square fa-3x  \" style=\"border: 1px solid #000099;border-radius: 10px; \"><span aria-hidden=\"true\" class=\"qode_icon_font_elegant icon_puzzle qode_icon_element\" style=\"color: #ffffff;\" ><\/span><\/span>[vc_empty_space height=&#8220;35px&#8220;][vc_column_text]<\/p>\n<h4>Universell<\/h4>\n<p>[\/vc_column_text][vc_empty_space height=&#8220;25&#8243;][vc_column_text]Statt vieler Normal- und Spezialreiniger und Reinigungs-Hilfsmittel f\u00fcr eine bestimmte Sonder- oder saisonale Anwendung ben\u00f6tigen Sie nur unsere multifunktionalen m\u00fcpaclean<sup>\u00ae<\/sup> professional Reiniger und Reinigung-Textilien. Dieses gew\u00e4hrt eine schnelle und mehr als erfolgreiche Reinigung![\/vc_column_text][vc_empty_space height=&#8220;25&#8243;][\/vc_column][vc_column width=&#8220;1\/4&#8243; css=&#8220;.vc_custom_1561979742612{padding-right: 25px !important;}&#8220;]<span data-type=\"square\"  data-hover-icon-color=\"#0099cc\" class=\"qode_icon_shortcode fa-stack q_font_awsome_icon_square fa-3x  \" style=\"border: 1px solid #000099;border-radius: 10px; \"><span aria-hidden=\"true\" class=\"qode_icon_font_elegant icon_bag qode_icon_element\" style=\"color: #ffffff;\" ><\/span><\/span>[vc_empty_space height=&#8220;35px&#8220;][vc_column_text]<\/p>\n<h4>Kompakt<\/h4>\n<p>[\/vc_column_text][vc_empty_space height=&#8220;25&#8243;][vc_column_text]Allein mit den 3 m\u00fcpaclean<sup>\u00ae<\/sup> professional Reinigern und den 3 m\u00fcpaclean<sup>\u00ae<\/sup> professional Reinigungs-Textilien reinigen Sie nahezu alle Oberfl\u00e4chen und Gegenst\u00e4nde von starken und hartn\u00e4ckigen Verschmutzungen vieler Art und schaffen so eine pers\u00f6nliche Atmosph\u00e4re des Wohlbefindens, der Behaglichkeit und Hygiene. <span style=\"color: #ffffff;\">\u00d6ko-Kraft-Reiniger<\/span>[\/vc_column_text][vc_empty_space height=&#8220;25&#8243;][\/vc_column][vc_column width=&#8220;1\/4&#8243; css=&#8220;.vc_custom_1561979748822{padding-right: 25px !important;}&#8220;]<span data-type=\"square\"  data-hover-icon-color=\"#0099cc\" class=\"qode_icon_shortcode fa-stack q_font_awsome_icon_square fa-3x  \" style=\"border: 1px solid #000099;border-radius: 10px; \"><span aria-hidden=\"true\" class=\"qode_icon_font_elegant icon_calculator_alt qode_icon_element\" style=\"color: #ffffff;\" ><\/span><\/span>[vc_empty_space height=&#8220;35px&#8220;][vc_column_text]<\/p>\n<h4>Wirtschaftlich<\/h4>\n<p>[\/vc_column_text][vc_empty_space height=&#8220;25&#8243;][vc_column_text]Die m\u00fcpaclean<sup>\u00ae<\/sup> professional Reiniger und Reinigungs-Textilien erm\u00f6glichen dem Anwender bei geringstem Ressourcenverbrauch eine moderne Raum- und Gegenstandshygiene.\u00a0Sie sparen Zeit, Geld, eine unn\u00f6tige Bevorratung und schonen zudem die Umwelt![\/vc_column_text][vc_empty_space height=&#8220;25&#8243;][\/vc_column][\/vc_row][vc_row css_animation=&#8220;&#8220; row_type=&#8220;row&#8220; use_row_as_full_screen_section=&#8220;no&#8220; type=&#8220;grid&#8220; angled_section=&#8220;no&#8220; text_align=&#8220;center&#8220; background_image_as_pattern=&#8220;without_pattern&#8220; z_index=&#8220;&#8220;][vc_column]<a  itemprop=\"url\" href=\"https:\/\/www.muepaclean.de\/cms\/wenigeristmehr\/\" target=\"_self\"  class=\"qbutton  small default\" style=\"\">\u2026 mehr erfahren<\/a>[vc_empty_space height=&#8220;50&#8243;][\/vc_column][\/vc_row][vc_row row_type=&#8220;parallax&#8220; parallax_content_width=&#8220;in_grid&#8220; text_align=&#8220;right&#8220; full_screen_section_height=&#8220;no&#8220; background_image=&#8220;696&#8243;][vc_column offset=&#8220;vc_col-lg-offset-2 vc_col-lg-8 vc_col-md-offset-1 vc_col-md-10&#8243;][vc_empty_space height=&#8220;50&#8243;][layerslider_vc id=&#8220;2&#8243;][vc_empty_space height=&#8220;50&#8243;][\/vc_column][\/vc_row][vc_row css_animation=&#8220;&#8220; row_type=&#8220;row&#8220; use_row_as_full_screen_section=&#8220;no&#8220; type=&#8220;grid&#8220; angled_section=&#8220;no&#8220; text_align=&#8220;left&#8220; background_image_as_pattern=&#8220;without_pattern&#8220; z_index=&#8220;&#8220; css=&#8220;.vc_custom_1569402781765{padding-top: 50px !important;}&#8220;][vc_column width=&#8220;1\/3&#8243;][vc_single_image image=&#8220;1443&#8243; img_size=&#8220;large&#8220; onclick=&#8220;custom_link&#8220; qode_css_animation=&#8220;&#8220; qode_hover_animation=&#8220;zoom_in&#8220; link=&#8220;https:\/\/www.muepaclean.de\/cms\/universalkraftreiniger&#8220;][vc_empty_space height=&#8220;25&#8243;][vc_column_text]<\/p>\n<h4>Universal-Kraft-Reiniger<\/h4>\n<p>[\/vc_column_text][vc_empty_space height=&#8220;25&#8243;][vc_column_text]zur modernen, schnellen und universellen Reinigung von Fl\u00e4chen und Gegenst\u00e4nden bei starken Verschmutzungen[\/vc_column_text][vc_empty_space height=&#8220;25&#8243;]<a  itemprop=\"url\" href=\"https:\/\/www.muepaclean.de\/cms\/universalkraftreiniger\" target=\"_self\"  class=\"qbutton  small default\" style=\"\">\u2026 mehr erfahren<\/a>[vc_empty_space height=&#8220;25&#8243;][\/vc_column][vc_column width=&#8220;1\/3&#8243;][vc_single_image image=&#8220;1506&#8243; img_size=&#8220;large&#8220; onclick=&#8220;custom_link&#8220; qode_css_animation=&#8220;&#8220; qode_hover_animation=&#8220;zoom_in&#8220; link=&#8220;https:\/\/www.muepaclean.de\/cms\/sanitaerkraftreiniger&#8220;][vc_empty_space height=&#8220;25&#8243;][vc_column_text]<\/p>\n<h4>Sanit\u00e4r-Kraft-Reiniger<\/h4>\n<p>[\/vc_column_text][vc_empty_space height=&#8220;25&#8243;][vc_column_text]zur schnellen, hochwirksamen Reinigung von Oberfl\u00e4chen und Gegenst\u00e4nden in Sanit\u00e4r-und Nassr\u00e4umen bei kalkhaltigen und fettigen Verschmutzungen \u2013 mit Abperleffekt [\/vc_column_text][vc_empty_space height=&#8220;25&#8243;]<a  itemprop=\"url\" href=\"https:\/\/www.muepaclean.de\/cms\/sanitaerkraftreiniger\" target=\"_self\"  class=\"qbutton  small default\" style=\"\">\u2026 mehr erfahren<\/a>[vc_empty_space height=&#8220;25&#8243;][\/vc_column][vc_column width=&#8220;1\/3&#8243;][vc_single_image image=&#8220;426&#8243; img_size=&#8220;large&#8220; onclick=&#8220;custom_link&#8220; qode_css_animation=&#8220;&#8220; qode_hover_animation=&#8220;zoom_in&#8220; link=&#8220;https:\/\/www.muepaclean.de\/cms\/bodenkraftreiniger&#8220;][vc_empty_space height=&#8220;25&#8243;][vc_column_text]<\/p>\n<h4>Boden-Kraft-Reiniger<\/h4>\n<p>[\/vc_column_text][vc_empty_space height=&#8220;25&#8243;][vc_column_text]zur Grund- und Unterhaltsreinigung von Fu\u00dfbodenbel\u00e4gen bei Verschmutzungen vieler Art[\/vc_column_text][vc_empty_space height=&#8220;25&#8243;][vc_empty_space height=&#8220;25&#8243;]<a  itemprop=\"url\" href=\"https:\/\/www.muepaclean.de\/cms\/bodenkraftreiniger\" target=\"_self\"  class=\"qbutton  small default\" style=\"\">\u2026 mehr erfahren<\/a>[\/vc_column][\/vc_row][vc_row css_animation=&#8220;&#8220; row_type=&#8220;row&#8220; use_row_as_full_screen_section=&#8220;no&#8220; type=&#8220;grid&#8220; angled_section=&#8220;no&#8220; text_align=&#8220;left&#8220; background_image_as_pattern=&#8220;without_pattern&#8220; z_index=&#8220;&#8220;][vc_column width=&#8220;1\/3&#8243;][vc_single_image image=&#8220;699&#8243; img_size=&#8220;large&#8220; onclick=&#8220;custom_link&#8220; qode_css_animation=&#8220;&#8220; qode_hover_animation=&#8220;zoom_in&#8220; link=&#8220;https:\/\/www.muepaclean.de\/cms\/multi-reinigungs-tuch&#8220;][vc_empty_space height=&#8220;25&#8243;][vc_column_text]<\/p>\n<h4>Multi-Reinigungs-Tuch<\/h4>\n<p>[\/vc_column_text][vc_column_text]Nass-, Feucht- und Trocken-Reinigungs-Tuch aus Mikromatrix-Fasern \u00a0zur universellen Reinigung verschmutzter glatter und strukturierter Oberfl\u00e4chen[\/vc_column_text][vc_empty_space height=&#8220;25&#8243;]<a  itemprop=\"url\" href=\"https:\/\/www.muepaclean.de\/cms\/multi-reinigungs-tuch\" target=\"_self\"  class=\"qbutton  small default\" style=\"\">\u2026 mehr erfahren<\/a>[vc_empty_space height=&#8220;50&#8243;][\/vc_column][vc_column width=&#8220;1\/3&#8243;][vc_single_image image=&#8220;698&#8243; img_size=&#8220;large&#8220; onclick=&#8220;custom_link&#8220; qode_css_animation=&#8220;&#8220; qode_hover_animation=&#8220;zoom_in&#8220; link=&#8220;https:\/\/www.muepaclean.de\/cms\/hochglanz-polier-tuch&#8220;][vc_empty_space height=&#8220;25&#8243;][vc_column_text]<\/p>\n<h4>Hochglanz-Polier-Tuch<\/h4>\n<p>[\/vc_column_text][vc_column_text]Zur universellen Reinigung von Glas-, Spiegel- und Fensterfl\u00e4chen sowie Edelstahl-und M\u00f6beloberfl\u00e4chen[\/vc_column_text][vc_empty_space height=&#8220;25&#8243;]<a  itemprop=\"url\" href=\"https:\/\/www.muepaclean.de\/cms\/hochglanz-polier-tuch\" target=\"_self\"  class=\"qbutton  small default\" style=\"\">\u2026 mehr erfahren<\/a>[vc_empty_space height=&#8220;50&#8243;][\/vc_column][vc_column width=&#8220;1\/3&#8243;][vc_single_image image=&#8220;700&#8243; img_size=&#8220;large&#8220; onclick=&#8220;custom_link&#8220; qode_css_animation=&#8220;&#8220; qode_hover_animation=&#8220;zoom_in&#8220; link=&#8220;https:\/\/www.muepaclean.de\/cms\/struktur-wisch-bezug&#8220;][vc_empty_space height=&#8220;25&#8243;][vc_column_text]<\/p>\n<h4>Struktur-Wisch-Bezug<\/h4>\n<p>[\/vc_column_text][vc_column_text]Nass- und Feucht-Taschenwischbezug mit Zick-Zack-Rippenstruktur zur Grund-und Unterhaltsreinigung verschmutzter Fu\u00dfbodenbel\u00e4ge[\/vc_column_text][vc_empty_space height=&#8220;25&#8243;]<a  itemprop=\"url\" href=\"https:\/\/www.muepaclean.de\/cms\/struktur-wisch-bezug\" target=\"_self\"  class=\"qbutton  small default\" style=\"\">\u2026 mehr erfahren<\/a>[vc_empty_space height=&#8220;50&#8243;][\/vc_column][\/vc_row][vc_row css_animation=&#8220;&#8220; row_type=&#8220;row&#8220; use_row_as_full_screen_section=&#8220;no&#8220; type=&#8220;grid&#8220; angled_section=&#8220;no&#8220; text_align=&#8220;center&#8220; background_image_as_pattern=&#8220;without_pattern&#8220; z_index=&#8220;&#8220; css=&#8220;.vc_custom_1566471760462{padding-top: 50px !important;padding-bottom: 50px !important;}&#8220;][vc_column width=&#8220;1\/5&#8243;][vc_empty_space height=&#8220;10&#8243;]<span data-type=\"normal\" data-hover-icon-color=\"#0099cc\" class=\"qode_icon_shortcode  q_font_awsome_icon fa-5x pull-center \" style=\" \"><span aria-hidden=\"true\" class=\"qode_icon_font_elegant icon_phone qode_icon_element\" style=\"color: #000099;\" ><\/span><\/span>[vc_empty_space height=&#8220;25&#8243;][\/vc_column][vc_column width=&#8220;3\/5&#8243;][vc_column_text]<\/p>\n<h2 style=\"text-align: center;\">Unser Servicetelefon<\/h2>\n<p>[\/vc_column_text][vc_empty_space height=&#8220;25&#8243;][vc_column_text]<\/p>\n<h4 style=\"text-align: center;\">Bei allen Fragen rund um das m\u00fcpaclean<sup>\u00ae<\/sup> professional Reinigungsmittel-Programm und wenn sie erfahren wollen, wo sie einen H\u00e4ndler in Ihrer N\u00e4he finden, rufen Sie uns an:<\/h4>\n<p>[\/vc_column_text][vc_empty_space height=&#8220;25&#8243;][vc_column_text]<\/p>\n<h4 style=\"text-align: center;\"><strong>+49 (0) 5251-1809393<\/strong><\/h4>\n<p>[\/vc_column_text][\/vc_column][vc_column width=&#8220;1\/5&#8243;][vc_empty_space height=&#8220;50&#8243;][\/vc_column][\/vc_row]<\/p>\n","protected":false},"excerpt":{"rendered":"<p>[vc_row row_type=&#8220;parallax&#8220; parallax_content_width=&#8220;full_width&#8220; text_align=&#8220;left&#8220; full_screen_section_height=&#8220;yes&#8220; vertically_align_content_in_middle=&#8220;yes&#8220; anchor=&#8220;intro&#8220; background_image=&#8220;1508&#8243; parallax_speed=&#8220;2&#8243;][vc_column][qode_elements_holder number_of_columns=&#8220;one_column&#8220;][qode_elements_holder_item vertical_alignment=&#8220;middle&#8220; advanced_animations=&#8220;no&#8220; item_padding_1024_1280=&#8220;15% 40% 0% 5%&#8220; item_padding=&#8220;15% 47% 15% 8%&#8220;][vc_column_text] m\u00fcpaclean\u00ae professional \u201eweniger ist mehr\u201c [\/vc_column_text][vc_empty_space height=&#8220;15&#8243;][vc_column_text] Unser Reinigungsmittel-Programm erm\u00f6glicht Ihnen Reinigungsl\u00f6sungen in allen Bereichen \u2013 viele Normal- und Spezialreiniger und Reinigungs-Hilfsmittel sind \u00fcberfl\u00fcssig! [\/vc_column_text][vc_empty_space&#8230;<\/p>\n","protected":false},"author":1,"featured_media":0,"parent":0,"menu_order":0,"comment_status":"closed","ping_status":"closed","template":"full_width.php","meta":[],"_links":{"self":[{"href":"https:\/\/www.muepaclean.de\/cms\/wp-json\/wp\/v2\/pages\/128"}],"collection":[{"href":"https:\/\/www.muepaclean.de\/cms\/wp-json\/wp\/v2\/pages"}],"about":[{"href":"https:\/\/www.muepaclean.de\/cms\/wp-json\/wp\/v2\/types\/page"}],"author":[{"embeddable":true,"href":"https:\/\/www.muepaclean.de\/cms\/wp-json\/wp\/v2\/users\/1"}],"replies":[{"embeddable":true,"href":"https:\/\/www.muepaclean.de\/cms\/wp-json\/wp\/v2\/comments?post=128"}],"version-history":[{"count":315,"href":"https:\/\/www.muepaclean.de\/cms\/wp-json\/wp\/v2\/pages\/128\/revisions"}],"predecessor-version":[{"id":1509,"href":"https:\/\/www.muepaclean.de\/cms\/wp-json\/wp\/v2\/pages\/128\/revisions\/1509"}],"wp:attachment":[{"href":"https:\/\/www.muepaclean.de\/cms\/wp-json\/wp\/v2\/media?parent=128"}],"curies":[{"name":"wp","href":"https:\/\/api.w.org\/{rel}","templated":true}]}}